{"id":5,"date":"2015-07-07T13:39:09","date_gmt":"2015-07-07T13:39:09","guid":{"rendered":"http:\/\/farmacies.ecoceutics.com\/?page_id=5"},"modified":"2017-04-03T09:50:11","modified_gmt":"2017-04-03T09:50:11","slug":"home","status":"publish","type":"page","link":"https:\/\/www.farmaciaburset.com\/es\/","title":{"rendered":"Home"},"content":{"rendered":"<section class=\"wpb-content-wrapper\"><p>[vc_row has_content=\u00bbtrue\u00bb css=\u00bb.vc_custom_1436281408427{margin-top: -60px !important;margin-bottom: 0px !important;}\u00bb][vc_column width=\u00bb1\/1&#8243;][rev_slider_vc alias=\u00bbslider-ecoceutics-farmacies\u00bb][\/vc_column][\/vc_row][vc_row has_content=\u00bbinside\u00bb id=\u00bbbanners\u00bb][vc_column width=\u00bb1\/3&#8243;][vc_column_text]<a href=\"http:\/\/www.farmaciaburset.com\/es\/contactar\/\"><img loading=\"lazy\" decoding=\"async\" class=\"alignnone wp-image-205 size-full\" src=\"http:\/\/www.farmaciaburset.com\/es2\/wp-content\/uploads\/sites\/35\/2015\/07\/banner-on-estem-es.jpg\" alt=\"\" width=\"720\" height=\"536\" srcset=\"https:\/\/www.farmaciaburset.com\/es\/wp-content\/uploads\/sites\/35\/2015\/07\/banner-on-estem-es.jpg 720w, https:\/\/www.farmaciaburset.com\/es\/wp-content\/uploads\/sites\/35\/2015\/07\/banner-on-estem-es-300x223.jpg 300w, https:\/\/www.farmaciaburset.com\/es\/wp-content\/uploads\/sites\/35\/2015\/07\/banner-on-estem-es-370x275.jpg 370w, https:\/\/www.farmaciaburset.com\/es\/wp-content\/uploads\/sites\/35\/2015\/07\/banner-on-estem-es-360x267.jpg 360w\" sizes=\"auto, (max-width: 720px) 100vw, 720px\" \/><\/a><a href=\"http:\/\/www.farmaciaburset.com\/es\/actividades\/\"><img loading=\"lazy\" decoding=\"async\" class=\"alignnone wp-image-207 size-full\" src=\"http:\/\/www.farmaciaburset.com\/es2\/wp-content\/uploads\/sites\/35\/2015\/07\/banner-apuntat-es.jpg\" alt=\"banner-apuntat-es\" width=\"720\" height=\"536\" srcset=\"https:\/\/www.farmaciaburset.com\/es\/wp-content\/uploads\/sites\/35\/2015\/07\/banner-apuntat-es.jpg 720w, https:\/\/www.farmaciaburset.com\/es\/wp-content\/uploads\/sites\/35\/2015\/07\/banner-apuntat-es-300x223.jpg 300w, https:\/\/www.farmaciaburset.com\/es\/wp-content\/uploads\/sites\/35\/2015\/07\/banner-apuntat-es-370x275.jpg 370w, https:\/\/www.farmaciaburset.com\/es\/wp-content\/uploads\/sites\/35\/2015\/07\/banner-apuntat-es-360x267.jpg 360w\" sizes=\"auto, (max-width: 720px) 100vw, 720px\" \/><\/a>[\/vc_column_text][\/vc_column][vc_column width=\u00bb1\/3&#8243;][vc_column_text]<a href=\"http:\/\/www.farmaciaburset.com\/es\/encargos-24-horas\/\"><img loading=\"lazy\" decoding=\"async\" class=\"alignnone wp-image-208 size-full\" src=\"http:\/\/www.farmaciaburset.com\/es2\/wp-content\/uploads\/sites\/35\/2015\/07\/banner-encarrecs-es.jpg\" alt=\"\" width=\"720\" height=\"536\" srcset=\"https:\/\/www.farmaciaburset.com\/es\/wp-content\/uploads\/sites\/35\/2015\/07\/banner-encarrecs-es.jpg 720w, https:\/\/www.farmaciaburset.com\/es\/wp-content\/uploads\/sites\/35\/2015\/07\/banner-encarrecs-es-300x223.jpg 300w, https:\/\/www.farmaciaburset.com\/es\/wp-content\/uploads\/sites\/35\/2015\/07\/banner-encarrecs-es-370x275.jpg 370w, https:\/\/www.farmaciaburset.com\/es\/wp-content\/uploads\/sites\/35\/2015\/07\/banner-encarrecs-es-360x267.jpg 360w\" sizes=\"auto, (max-width: 720px) 100vw, 720px\" \/><\/a><a href=\"http:\/\/fidfarma.ecoceutics.com\/club\/\" target=\"_blank\"><img loading=\"lazy\" decoding=\"async\" class=\"alignnone wp-image-209 size-full\" src=\"http:\/\/www.farmaciaburset.com\/es2\/wp-content\/uploads\/sites\/35\/2015\/07\/banner-club-ecoceutics-es.jpg\" alt=\"\" width=\"720\" height=\"536\" srcset=\"https:\/\/www.farmaciaburset.com\/es\/wp-content\/uploads\/sites\/35\/2015\/07\/banner-club-ecoceutics-es.jpg 720w, https:\/\/www.farmaciaburset.com\/es\/wp-content\/uploads\/sites\/35\/2015\/07\/banner-club-ecoceutics-es-300x223.jpg 300w, https:\/\/www.farmaciaburset.com\/es\/wp-content\/uploads\/sites\/35\/2015\/07\/banner-club-ecoceutics-es-370x275.jpg 370w, https:\/\/www.farmaciaburset.com\/es\/wp-content\/uploads\/sites\/35\/2015\/07\/banner-club-ecoceutics-es-360x267.jpg 360w\" sizes=\"auto, (max-width: 720px) 100vw, 720px\" \/><\/a>[\/vc_column_text][\/vc_column][vc_column width=\u00bb1\/3&#8243;][vc_column_text]<a href=\"http:\/\/www.farmaciabursetonline.com\/\" target=\"_blank\"><img loading=\"lazy\" decoding=\"async\" class=\"alignnone wp-image-373 size-full\" src=\"http:\/\/www.farmaciaburset.com\/es\/wp-content\/uploads\/sites\/35\/2017\/04\/e-commerce-david-burset_cast-02.png\" alt=\"\" width=\"720\" height=\"536\" srcset=\"https:\/\/www.farmaciaburset.com\/es\/wp-content\/uploads\/sites\/35\/2017\/04\/e-commerce-david-burset_cast-02.png 720w, https:\/\/www.farmaciaburset.com\/es\/wp-content\/uploads\/sites\/35\/2017\/04\/e-commerce-david-burset_cast-02-300x223.png 300w, https:\/\/www.farmaciaburset.com\/es\/wp-content\/uploads\/sites\/35\/2017\/04\/e-commerce-david-burset_cast-02-370x275.png 370w, https:\/\/www.farmaciaburset.com\/es\/wp-content\/uploads\/sites\/35\/2017\/04\/e-commerce-david-burset_cast-02-360x267.png 360w\" sizes=\"auto, (max-width: 720px) 100vw, 720px\" \/><\/a><a href=\"http:\/\/www.farmaciaburset.com\/es\/farmacias-de-guardia\/\"><img loading=\"lazy\" decoding=\"async\" class=\"alignnone size-full wp-image-211\" src=\"http:\/\/www.farmaciaburset.com\/es2\/wp-content\/uploads\/sites\/35\/2015\/07\/banner-farmacies-de-guardia-es.jpg\" alt=\"banner-farmacies-de-guardia-es\" width=\"720\" height=\"536\" srcset=\"https:\/\/www.farmaciaburset.com\/es\/wp-content\/uploads\/sites\/35\/2015\/07\/banner-farmacies-de-guardia-es.jpg 720w, https:\/\/www.farmaciaburset.com\/es\/wp-content\/uploads\/sites\/35\/2015\/07\/banner-farmacies-de-guardia-es-300x223.jpg 300w, https:\/\/www.farmaciaburset.com\/es\/wp-content\/uploads\/sites\/35\/2015\/07\/banner-farmacies-de-guardia-es-370x275.jpg 370w, https:\/\/www.farmaciaburset.com\/es\/wp-content\/uploads\/sites\/35\/2015\/07\/banner-farmacies-de-guardia-es-360x267.jpg 360w\" sizes=\"auto, (max-width: 720px) 100vw, 720px\" \/><\/a>[\/vc_column_text][\/vc_column][\/vc_row][vc_row has_content=\u00bbtrue\u00bb css=\u00bb.vc_custom_1436349171857{margin-top: 40px !important;margin-bottom: 40px !important;}\u00bb][vc_column width=\u00bb1\/2&#8243;][heading size=\u00bb1&#8243; heading_class=\u00bbcontent_heading\u00bb]<strong>CONTACTA CON NOSOTROS<\/strong>[\/heading][vc_column_text][heading size=\u00bb2&#8243; heading_class=\u00bbcontent_heading\u00bb h_id=\u00bb\u00bb h_class=\u00bb\u00bb]Farmacia Burset[\/heading]<\/p>\n<p>Badia, 87 \u00b7 17487 Empuriabrava (Girona)<\/p>\n<p>Tel\u00e9fono +34 972 45 12 55<br \/>\nWhatsapp: +34 648 563 050<img loading=\"lazy\" decoding=\"async\" class=\"icon-formulari alignright wp-image-71 size-full\" src=\"http:\/\/www.farmaciaburset.com\/wp-content\/uploads\/sites\/35\/2015\/07\/icon-formulari.png\" alt=\"icon-formulari\" width=\"247\" height=\"215\" \/><\/p>\n<p><a href=\"mailto:info@farmaciaburset.com\">info@farmaciaburset.com<\/a><\/p>\n<p>&nbsp;<\/p>\n<p>[heading size=\u00bb2&#8243; heading_class=\u00bbcontent_heading\u00bb h_id=\u00bb\u00bb h_class=\u00bb\u00bb]Horario[\/heading]<\/p>\n<p><strong>Lunes a viernes<\/strong><br \/>\n9:00 a 20:00 h<\/p>\n<p><strong>S\u00e1bados<\/strong><br \/>\nMa\u00f1ana: 9:30 a 13:30 h<br \/>\nTarde: 16.00 a 20.00h<br \/>\n[\/vc_column_text][\/vc_column][vc_column width=\u00bb1\/2&#8243;]\n<div class=\"wpcf7 no-js\" id=\"wpcf7-f4-o1\" lang=\"ca\" dir=\"ltr\" data-wpcf7-id=\"4\">\n<div class=\"screen-reader-response\"><p role=\"status\" aria-live=\"polite\" aria-atomic=\"true\"><\/p> <ul><\/ul><\/div>\n<form action=\"\/es\/wp-json\/wp\/v2\/pages\/5#wpcf7-f4-o1\" method=\"post\" class=\"wpcf7-form init\" aria-label=\"Formulari de contacte\" novalidate=\"novalidate\" data-status=\"init\">\n<fieldset class=\"hidden-fields-container\"><input type=\"hidden\" name=\"_wpcf7\" value=\"4\" \/><input type=\"hidden\" name=\"_wpcf7_version\" value=\"6.1.5\" \/><input type=\"hidden\" name=\"_wpcf7_locale\" value=\"ca\" \/><input type=\"hidden\" name=\"_wpcf7_unit_tag\" value=\"wpcf7-f4-o1\" \/><input type=\"hidden\" name=\"_wpcf7_container_post\" value=\"0\" \/><input type=\"hidden\" name=\"_wpcf7_posted_data_hash\" value=\"\" \/>\n<\/fieldset>\n<div class=\"columna1\">\n\t<p><span class=\"wpcf7-form-control-wrap\" data-name=\"nomicognoms\"><input size=\"40\" maxlength=\"400\" class=\"wpcf7-form-control wpcf7-text wpcf7-validates-as-required\" aria-required=\"true\" aria-invalid=\"false\" placeholder=\"Nombre y Apellidos *\" value=\"\" type=\"text\" name=\"nomicognoms\" \/><\/span>\n\t<\/p>\n<\/div>\n<div class=\"columna2\">\n\t<p><span class=\"wpcf7-form-control-wrap\" data-name=\"email\"><input size=\"40\" maxlength=\"400\" class=\"wpcf7-form-control wpcf7-text wpcf7-validates-as-required\" aria-required=\"true\" aria-invalid=\"false\" placeholder=\"Correo electr\u00f3nico *\" value=\"\" type=\"text\" name=\"email\" \/><\/span>\n\t<\/p>\n<\/div>\n<div class=\"columna\">\n\t<p><span class=\"wpcf7-form-control-wrap\" data-name=\"comentari\"><textarea cols=\"40\" rows=\"10\" maxlength=\"2000\" class=\"wpcf7-form-control wpcf7-textarea wpcf7-validates-as-required\" aria-required=\"true\" aria-invalid=\"false\" placeholder=\"Comentario *\" name=\"comentari\"><\/textarea><\/span>\n\t<\/p>\n<\/div>\n<div class=\"espai\">\n<\/div>\n<div class=\"avislegal\">\n\t<p><strong>Aviso legal.-<\/strong> En virtud de lo dispuesto en la Llei 15\/1999, de 13 de diciembre, de Protecci\u00f3n de Datos de Car\u00e1cter Personal, le informamos que mediente el relleno y envio del presente formulario todos los datos personales facilitados ser\u00e1n tratados por la farmacia Vil\u00e0, propietaria de esta web, con la \u00fanica finalidad de prestar el servicio solicitado.\n\t<\/p>\n<\/div>\n<div class=\"espai\">\n<\/div>\n<p><span class=\"wpcf7-form-control-wrap\" data-name=\"avislegal\"><span class=\"wpcf7-form-control wpcf7-acceptance\"><span class=\"wpcf7-list-item\"><input type=\"checkbox\" name=\"avislegal\" value=\"1\" aria-invalid=\"false\" \/><\/span><\/span><\/span> He le\u00eddo y acepto el Aviso legal.\n<\/p>\n<div class=\"espai\">\n<\/div>\n<div class=\"espai\">\n<\/div>\n<p><span class=\"asterisc\"><em>* Campos obligatorios.<\/em><\/span>\n<\/p>\n<div class=\"espai\">\n<\/div>\n<p><input class=\"wpcf7-form-control wpcf7-submit has-spinner bt-enviar-formhome\" type=\"submit\" value=\"Enviar\" \/>\n<\/p><div class=\"wpcf7-response-output\" aria-hidden=\"true\"><\/div>\n<\/form>\n<\/div>\n[\/vc_column][\/vc_row][vc_row has_content=\u00bbfalse\u00bb][vc_column width=\u00bb1\/1&#8243;][google_maps_advanced zoom=\u00bb16&#8243;][google_maps_advanced_item pin=\u00bb61&#8243; info=\u00bbFarmacia David Burset<br \/>\nBadia, 87<br \/>\n17487 Empuriabrava<br \/>\n(Barcelona)\u00bb]Badia, 87 \u00b7 17487 Empuriabrava (Girona)[\/google_maps_advanced_item][\/google_maps_advanced][\/vc_column][\/vc_row]<\/p>\n<\/section>","protected":false},"excerpt":{"rendered":"<p>[vc_row has_content=\u00bbtrue\u00bb css=\u00bb.vc_custom_1436281408427{margin-top: -60px !important;margin-bottom: 0px !important;}\u00bb][vc_column width=\u00bb1\/1&#8243;][rev_slider_vc alias=\u00bbslider-ecoceutics-farmacies\u00bb][\/vc_column][\/vc_row][vc_row has_content=\u00bbinside\u00bb id=\u00bbbanners\u00bb][vc_column width=\u00bb1\/3&#8243;][vc_column_text][\/vc_column_text][\/vc_column][vc_column width=\u00bb1\/3&#8243;][vc_column_text][\/vc_column_text][\/vc_column][vc_column width=\u00bb1\/3&#8243;][vc_column_text][\/vc_column_text][\/vc_column][\/vc_row][vc_row has_content=\u00bbtrue\u00bb css=\u00bb.vc_custom_1436349171857{margin-top: 40px !important;margin-bottom: 40px !important;}\u00bb][vc_column width=\u00bb1\/2&#8243;][heading size=\u00bb1&#8243; heading_class=\u00bbcontent_heading\u00bb]CONTACTA CON NOSOTROS[\/heading][vc_column_text][heading size=\u00bb2&#8243; heading_class=\u00bbcontent_heading\u00bb h_id=\u00bb\u00bb h_class=\u00bb\u00bb]Farmacia Burset[\/heading] Badia, 87 \u00b7 17487 Empuriabrava (Girona) Tel\u00e9fono +34 972 45&#8230;<\/p>\n","protected":false},"author":1,"featured_media":0,"parent":0,"menu_order":0,"comment_status":"open","ping_status":"open","template":"","meta":{"footnotes":""},"class_list":["post-5","page","type-page","status-publish","hentry"],"_links":{"self":[{"href":"https:\/\/www.farmaciaburset.com\/es\/wp-json\/wp\/v2\/pages\/5","targetHints":{"allow":["GET"]}}],"collection":[{"href":"https:\/\/www.farmaciaburset.com\/es\/wp-json\/wp\/v2\/pages"}],"about":[{"href":"https:\/\/www.farmaciaburset.com\/es\/wp-json\/wp\/v2\/types\/page"}],"author":[{"embeddable":true,"href":"https:\/\/www.farmaciaburset.com\/es\/wp-json\/wp\/v2\/users\/1"}],"replies":[{"embeddable":true,"href":"https:\/\/www.farmaciaburset.com\/es\/wp-json\/wp\/v2\/comments?post=5"}],"version-history":[{"count":41,"href":"https:\/\/www.farmaciaburset.com\/es\/wp-json\/wp\/v2\/pages\/5\/revisions"}],"predecessor-version":[{"id":374,"href":"https:\/\/www.farmaciaburset.com\/es\/wp-json\/wp\/v2\/pages\/5\/revisions\/374"}],"wp:attachment":[{"href":"https:\/\/www.farmaciaburset.com\/es\/wp-json\/wp\/v2\/media?parent=5"}],"curies":[{"name":"wp","href":"https:\/\/api.w.org\/{rel}","templated":true}]}}