{"id":37,"date":"2015-07-08T08:01:44","date_gmt":"2015-07-08T08:01:44","guid":{"rendered":"http:\/\/farmacies.ecoceutics.com\/?page_id=37"},"modified":"2016-10-25T13:49:02","modified_gmt":"2016-10-25T13:49:02","slug":"aviso-legal","status":"publish","type":"page","link":"https:\/\/www.farmaciaburset.com\/es\/aviso-legal\/","title":{"rendered":"Aviso legal"},"content":{"rendered":"<section class=\"wpb-content-wrapper\"><p>[vc_row full_width=\u00bb\u00bb parallax=\u00bb\u00bb parallax_image=\u00bb\u00bb has_content=\u00bbtrue\u00bb][vc_column width=\u00bb1\/1&#8243;][heading size=\u00bb1&#8243; heading_class=\u00bbcontent_heading\u00bb]<strong>Qui\u00e9nes somos<\/strong>[\/heading][vc_column_text]Farm\u00e0cia Burset<br \/>\nBadia, 87<br \/>\n17487 Empuriabrava (Girona)<br \/>\nTel\u00e9fono de contacto: 972 45 12 55<br \/>\n<!--Correo electr\u00f3nico: <a href=\"mailto:farmaciafrancescvilabadia@ecoceutics.net\">farmaciafrancescvilabadia@ecoceutics.net<\/a>-->[\/vc_column_text][heading size=\u00bb1&#8243; heading_class=\u00bbcontent_heading\u00bb]<strong>Uso correcto de la web<\/strong>[\/heading][vc_column_text]El Usuario se compromete a utilizar esta web (<a href=\"http:\/\/www.farmaciaburset.com\/es\" target=\"_blank\">www.farmaciaburset.com\/es<\/a>) \u00a0y sus contenidos en conformidad con la Ley, el presente Aviso Legal, las buenas costumbres y el orden p\u00fablico y a no utilizar el web o los servicios que se presten a trav\u00e9s de \u00e9l con fines o efectos il\u00edcitos o contrarios al presente Aviso Legal, lesivos de los intereses o derechos de terceros, o que pueda da\u00f1ar o impedir una normal utilizaci\u00f3n del web por parte otros Usuarios.[\/vc_column_text][heading size=\u00bb1&#8243; heading_class=\u00bbcontent_heading\u00bb]<strong>Propiedat Intelectual e Industrial<\/strong>[\/heading][vc_column_text]Las fotograf\u00edas, im\u00e1genes y textos de la web son propiedad exclusiva de Farmacia Vil\u00e0. El usuario conoce y acepta que todos los derechos de propiedad industrial e intelectual sobre los contenidos y otros elementos o funcionalidades de la web son propiedad de la Farmacia Vil\u00e0 o empresas colaboradoras.<\/p>\n<p>En ning\u00fan caso el acceso en la p\u00e1gina implica una renuncia, transmisi\u00f3n o cesi\u00f3n total o parcial de tales derechos, ni concede derecho de utilizaci\u00f3n, reproducci\u00f3n o comunicaci\u00f3n p\u00fablica de los contenidos sin autorizaci\u00f3n de la Farmacia Vil\u00e0.[\/vc_column_text][heading size=\u00bb1&#8243; heading_class=\u00bbcontent_heading\u00bb]<strong>Responsabilidades<\/strong>[\/heading][vc_column_text]La Farmacia Vil\u00e0 no se responsabiliza del correcto funcionamiento de enlaces externos a otras webs existentes a <a href=\"http:\/\/www.farmaciaburset.com\/es\" target=\"_blank\">www.farmaciaburset.com\/es<\/a>, de la licitud y veracidad del contenido publicado as\u00ed como de los perjuicios que puedan ocasionar al Usuario.[\/vc_column_text][\/vc_column][\/vc_row]<\/p>\n<\/section>","protected":false},"excerpt":{"rendered":"<p>[vc_row full_width=\u00bb\u00bb parallax=\u00bb\u00bb parallax_image=\u00bb\u00bb has_content=\u00bbtrue\u00bb][vc_column width=\u00bb1\/1&#8243;][heading size=\u00bb1&#8243; heading_class=\u00bbcontent_heading\u00bb]Qui\u00e9nes somos[\/heading][vc_column_text]Farm\u00e0cia Burset Badia, 87 17487 Empuriabrava (Girona) Tel\u00e9fono de contacto: 972 45 12 55 [\/vc_column_text][heading size=\u00bb1&#8243; heading_class=\u00bbcontent_heading\u00bb]Uso correcto de la web[\/heading][vc_column_text]El Usuario se compromete a utilizar esta web (www.farmaciaburset.com\/es) \u00a0y sus contenidos&#8230;<\/p>\n","protected":false},"author":1,"featured_media":0,"parent":0,"menu_order":0,"comment_status":"open","ping_status":"open","template":"","meta":{"footnotes":""},"class_list":["post-37","page","type-page","status-publish","hentry"],"_links":{"self":[{"href":"https:\/\/www.farmaciaburset.com\/es\/wp-json\/wp\/v2\/pages\/37","targetHints":{"allow":["GET"]}}],"collection":[{"href":"https:\/\/www.farmaciaburset.com\/es\/wp-json\/wp\/v2\/pages"}],"about":[{"href":"https:\/\/www.farmaciaburset.com\/es\/wp-json\/wp\/v2\/types\/page"}],"author":[{"embeddable":true,"href":"https:\/\/www.farmaciaburset.com\/es\/wp-json\/wp\/v2\/users\/1"}],"replies":[{"embeddable":true,"href":"https:\/\/www.farmaciaburset.com\/es\/wp-json\/wp\/v2\/comments?post=37"}],"version-history":[{"count":7,"href":"https:\/\/www.farmaciaburset.com\/es\/wp-json\/wp\/v2\/pages\/37\/revisions"}],"predecessor-version":[{"id":336,"href":"https:\/\/www.farmaciaburset.com\/es\/wp-json\/wp\/v2\/pages\/37\/revisions\/336"}],"wp:attachment":[{"href":"https:\/\/www.farmaciaburset.com\/es\/wp-json\/wp\/v2\/media?parent=37"}],"curies":[{"name":"wp","href":"https:\/\/api.w.org\/{rel}","templated":true}]}}