{"id":35,"date":"2015-07-08T08:01:32","date_gmt":"2015-07-08T08:01:32","guid":{"rendered":"http:\/\/farmacies.ecoceutics.com\/?page_id=35"},"modified":"2016-12-13T09:50:30","modified_gmt":"2016-12-13T09:50:30","slug":"contactar","status":"publish","type":"page","link":"https:\/\/www.farmaciaburset.com\/es\/contactar\/","title":{"rendered":"Contactar"},"content":{"rendered":"<section class=\"wpb-content-wrapper\"><p>[vc_row full_width=\u00bb\u00bb parallax=\u00bb\u00bb parallax_image=\u00bb\u00bb has_content=\u00bbtrue\u00bb][vc_column width=\u00bb1\/4&#8243;][google_maps_advanced zoom=\u00bb16&#8243;][google_maps_advanced_item pin=\u00bb61&#8243; info=\u00bbFarmacia Burset<br \/>\nBadia, 87<br \/>\n17487 Empuriabrava<br \/>\n(Girona)\u00bb]Badia, 87 17487 Empuriabrava (Girona)[\/google_maps_advanced_item][\/google_maps_advanced][\/vc_column][vc_column width=\u00bb3\/4&#8243;][vc_column_text][heading size=\u00bb1&#8243; heading_class=\u00bbcontent_heading\u00bb h_id=\u00bb\u00bb h_class=\u00bb\u00bb]<strong>Farmacia Burset<\/strong>[\/heading]<\/p>\n<p>Badia, 87<br \/>\n17487 Empuriabrava (Girona)<br \/>\nTel\u00e9fono +34\u00a097 245 12 55<br \/>\nWhatsapp: +34 648 563 050<br \/>\n<a href=\"http:\/\/info@farmaciaburset.com\" target=\"_blank\">info@farmaciaburset.com<\/a>[\/vc_column_text][vc_empty_space height=\u00bb20px\u00bb][vc_column_text][heading size=\u00bb1&#8243; heading_class=\u00bbcontent_heading\u00bb h_id=\u00bb\u00bb h_class=\u00bb\u00bb]<strong>Horario<\/strong>[\/heading]<\/p>\n<p><strong>Lunes a viernes<\/strong><br \/>\n9:00 a 20:00 h<\/p>\n<p><strong>S\u00e1bados<\/strong><br \/>\nMa\u00f1ana: 9.30 a 13.30 h<br \/>\nTarde: 16.00 a 20.00h[\/vc_column_text][vc_empty_space height=\u00bb20px\u00bb][vc_column_text]Contacte con nosotros para cualquier <strong>duda<\/strong> o <strong>sugerencia<\/strong>:[\/vc_column_text][vc_empty_space height=\u00bb10px\u00bb]\n<div class=\"wpcf7 no-js\" id=\"wpcf7-f103-o1\" lang=\"ca\" dir=\"ltr\" data-wpcf7-id=\"103\">\n<div class=\"screen-reader-response\"><p role=\"status\" aria-live=\"polite\" aria-atomic=\"true\"><\/p> <ul><\/ul><\/div>\n<form action=\"\/es\/wp-json\/wp\/v2\/pages\/35#wpcf7-f103-o1\" method=\"post\" class=\"wpcf7-form init\" aria-label=\"Formulari de contacte\" novalidate=\"novalidate\" data-status=\"init\">\n<fieldset class=\"hidden-fields-container\"><input type=\"hidden\" name=\"_wpcf7\" value=\"103\" \/><input type=\"hidden\" name=\"_wpcf7_version\" value=\"6.1.5\" \/><input type=\"hidden\" name=\"_wpcf7_locale\" value=\"ca\" \/><input type=\"hidden\" name=\"_wpcf7_unit_tag\" value=\"wpcf7-f103-o1\" \/><input type=\"hidden\" name=\"_wpcf7_container_post\" value=\"0\" \/><input type=\"hidden\" name=\"_wpcf7_posted_data_hash\" value=\"\" \/>\n<\/fieldset>\n<div class=\"columna1\">\n\t<p>Nombre y Apellidos <span class=\"asterisc\">*<\/span>\n\t<\/p>\n\t<p><span class=\"wpcf7-form-control-wrap\" data-name=\"nomicognoms\"><input size=\"40\" maxlength=\"400\" class=\"wpcf7-form-control wpcf7-text wpcf7-validates-as-required\" aria-required=\"true\" aria-invalid=\"false\" value=\"\" type=\"text\" name=\"nomicognoms\" \/><\/span>\n\t<\/p>\n<\/div>\n<div class=\"columna2\">\n\t<p>Correo electr\u00f3nico <span class=\"asterisc\">*<\/span>\n\t<\/p>\n\t<p><span class=\"wpcf7-form-control-wrap\" data-name=\"email\"><input size=\"40\" maxlength=\"400\" class=\"wpcf7-form-control wpcf7-email wpcf7-validates-as-required wpcf7-text wpcf7-validates-as-email\" aria-required=\"true\" aria-invalid=\"false\" value=\"\" type=\"email\" name=\"email\" \/><\/span>\n\t<\/p>\n<\/div>\n<div class=\"columna\">\n\t<p>Comentario <span class=\"asterisc\">*<\/span>\n\t<\/p>\n\t<p><span class=\"wpcf7-form-control-wrap\" data-name=\"comentari\"><textarea cols=\"40\" rows=\"10\" maxlength=\"2000\" class=\"wpcf7-form-control wpcf7-textarea wpcf7-validates-as-required\" aria-required=\"true\" aria-invalid=\"false\" placeholder=\"Escriba aqu\u00ed...\" name=\"comentari\"><\/textarea><\/span>\n\t<\/p>\n<\/div>\n<div class=\"espai\">\n<\/div>\n<div class=\"avislegal\">\n\t<p><strong>Aviso legal.-<\/strong> En virtud de lo dispuesto en la Llei 15\/1999, de 13 de diciembre, de Protecci\u00f3n de Datos de Car\u00e1cter Personal, le informamos que mediente el relleno y envio del presente formulario todos los datos personales facilitados ser\u00e1n tratados por la farmacia Vil\u00e0, propietaria de esta web, con la \u00fanica finalidad de prestar el servicio solicitado.\n\t<\/p>\n<\/div>\n<div class=\"espai\">\n<\/div>\n<p><span class=\"wpcf7-form-control-wrap\" data-name=\"avislegal\"><span class=\"wpcf7-form-control wpcf7-acceptance\"><span class=\"wpcf7-list-item\"><input type=\"checkbox\" name=\"avislegal\" value=\"1\" aria-invalid=\"false\" \/><\/span><\/span><\/span> He le\u00eddo y acepto el Aviso legal.\n<\/p>\n<div class=\"espai\">\n<\/div>\n<div class=\"espai\">\n<\/div>\n<p><span class=\"asterisc\"><em>* Campos obligatorios.<\/em><\/span>\n<\/p>\n<div class=\"espai\">\n<\/div>\n<p><input class=\"wpcf7-form-control wpcf7-submit has-spinner\" type=\"submit\" value=\"Enviar\" \/>\n<\/p><div class=\"wpcf7-response-output\" aria-hidden=\"true\"><\/div>\n<\/form>\n<\/div>\n[\/vc_column][\/vc_row]<\/p>\n<\/section>","protected":false},"excerpt":{"rendered":"<p>[vc_row full_width=\u00bb\u00bb parallax=\u00bb\u00bb parallax_image=\u00bb\u00bb has_content=\u00bbtrue\u00bb][vc_column width=\u00bb1\/4&#8243;][google_maps_advanced zoom=\u00bb16&#8243;][google_maps_advanced_item pin=\u00bb61&#8243; info=\u00bbFarmacia Burset Badia, 87 17487 Empuriabrava (Girona)\u00bb]Badia, 87 17487 Empuriabrava (Girona)[\/google_maps_advanced_item][\/google_maps_advanced][\/vc_column][vc_column width=\u00bb3\/4&#8243;][vc_column_text][heading size=\u00bb1&#8243; heading_class=\u00bbcontent_heading\u00bb h_id=\u00bb\u00bb h_class=\u00bb\u00bb]Farmacia Burset[\/heading] Badia, 87 17487 Empuriabrava (Girona) Tel\u00e9fono +34\u00a097 245 12 55 Whatsapp: +34 648 563 050&#8230;<\/p>\n","protected":false},"author":1,"featured_media":0,"parent":0,"menu_order":0,"comment_status":"open","ping_status":"open","template":"","meta":{"footnotes":""},"class_list":["post-35","page","type-page","status-publish","hentry"],"_links":{"self":[{"href":"https:\/\/www.farmaciaburset.com\/es\/wp-json\/wp\/v2\/pages\/35","targetHints":{"allow":["GET"]}}],"collection":[{"href":"https:\/\/www.farmaciaburset.com\/es\/wp-json\/wp\/v2\/pages"}],"about":[{"href":"https:\/\/www.farmaciaburset.com\/es\/wp-json\/wp\/v2\/types\/page"}],"author":[{"embeddable":true,"href":"https:\/\/www.farmaciaburset.com\/es\/wp-json\/wp\/v2\/users\/1"}],"replies":[{"embeddable":true,"href":"https:\/\/www.farmaciaburset.com\/es\/wp-json\/wp\/v2\/comments?post=35"}],"version-history":[{"count":19,"href":"https:\/\/www.farmaciaburset.com\/es\/wp-json\/wp\/v2\/pages\/35\/revisions"}],"predecessor-version":[{"id":370,"href":"https:\/\/www.farmaciaburset.com\/es\/wp-json\/wp\/v2\/pages\/35\/revisions\/370"}],"wp:attachment":[{"href":"https:\/\/www.farmaciaburset.com\/es\/wp-json\/wp\/v2\/media?parent=35"}],"curies":[{"name":"wp","href":"https:\/\/api.w.org\/{rel}","templated":true}]}}