{"id":29,"date":"2015-07-08T08:00:44","date_gmt":"2015-07-08T08:00:44","guid":{"rendered":"http:\/\/farmacies.ecoceutics.com\/?page_id=29"},"modified":"2015-11-02T12:06:10","modified_gmt":"2015-11-02T12:06:10","slug":"tarjeta-cliente","status":"publish","type":"page","link":"https:\/\/www.farmaciaburset.com\/es\/tarjeta-cliente\/","title":{"rendered":"Tarjeta cliente"},"content":{"rendered":"<section class=\"wpb-content-wrapper\"><p>[vc_row full_width=\u00bb\u00bb parallax=\u00bb\u00bb parallax_image=\u00bb\u00bb has_content=\u00bbtrue\u00bb][vc_column width=\u00bb1\/1&#8243;][heading size=\u00bb1&#8243; heading_class=\u00bbcontent_heading\u00bb]<strong>Puntos descuento<\/strong>[\/heading][vc_column_text]El 30% de tus compras en parafarmacia se transforman en puntos para conseguir cheques de compra que podr\u00e1s descontar en las farmacias asociadas.<br \/>\n<strong>Cada 30 puntos recibir\u00e1s un cheque de 3 euros.<\/strong>[\/vc_column_text][heading size=\u00bb1&#8243; heading_class=\u00bbcontent_heading\u00bb]<strong>Cheques de compra<\/strong>[\/heading][vc_column_text]Peri\u00f3dicamente <strong>recibir\u00e1s un cheque para descontar de las compras que hagas en la farmacia<\/strong>. EI valor del cheque estar\u00e1 en funci\u00f3n de las compras de parafarmacia que hayas realizado en este per\u00edodo.[\/vc_column_text][heading size=\u00bb1&#8243; heading_class=\u00bbcontent_heading\u00bb]<strong>Cuidamos a las nuevas mam\u00e1s<\/strong>[\/heading][vc_column_text]Las nuevas mam\u00e1s disfrutar\u00e1n de la <strong>agenda del embarazo<\/strong>, solo tendr\u00e1n que pedirla en su farmacia Ecoceutics.<br \/>\nMas ventajas y descuentos adicionales durante el primer a\u00f1o (0-12 meses) de tu beb\u00e9.[\/vc_column_text][heading size=\u00bb1&#8243; heading_class=\u00bbcontent_heading\u00bb]<strong>Revista Ecovital<\/strong>[\/heading][vc_column_text]<strong>Revista sobre salud<\/strong>, consejos farmac\u00e9uticos, dietas y otros temas saludables interesantes. La podr\u00e1s obtener en tu farmacia.[\/vc_column_text][heading size=\u00bb1&#8243; heading_class=\u00bbcontent_heading\u00bb]<strong>Regalos<\/strong>[\/heading][vc_column_text]Y adem\u00e1s <strong>recibe informaci\u00f3n<\/strong> sobre promociones, ofertas, novedades de tu farmacia Ecoceutics y participa en sorteos y concursos.[\/vc_column_text][\/vc_column][\/vc_row]<\/p>\n<\/section>","protected":false},"excerpt":{"rendered":"<p>[vc_row full_width=\u00bb\u00bb parallax=\u00bb\u00bb parallax_image=\u00bb\u00bb has_content=\u00bbtrue\u00bb][vc_column width=\u00bb1\/1&#8243;][heading size=\u00bb1&#8243; heading_class=\u00bbcontent_heading\u00bb]Puntos descuento[\/heading][vc_column_text]El 30% de tus compras en parafarmacia se transforman en puntos para conseguir cheques de compra que podr\u00e1s descontar en las farmacias asociadas. Cada 30 puntos recibir\u00e1s un cheque de 3 euros.[\/vc_column_text][heading&#8230;<\/p>\n","protected":false},"author":1,"featured_media":0,"parent":0,"menu_order":0,"comment_status":"open","ping_status":"open","template":"","meta":{"footnotes":""},"class_list":["post-29","page","type-page","status-publish","hentry"],"_links":{"self":[{"href":"https:\/\/www.farmaciaburset.com\/es\/wp-json\/wp\/v2\/pages\/29","targetHints":{"allow":["GET"]}}],"collection":[{"href":"https:\/\/www.farmaciaburset.com\/es\/wp-json\/wp\/v2\/pages"}],"about":[{"href":"https:\/\/www.farmaciaburset.com\/es\/wp-json\/wp\/v2\/types\/page"}],"author":[{"embeddable":true,"href":"https:\/\/www.farmaciaburset.com\/es\/wp-json\/wp\/v2\/users\/1"}],"replies":[{"embeddable":true,"href":"https:\/\/www.farmaciaburset.com\/es\/wp-json\/wp\/v2\/comments?post=29"}],"version-history":[{"count":7,"href":"https:\/\/www.farmaciaburset.com\/es\/wp-json\/wp\/v2\/pages\/29\/revisions"}],"predecessor-version":[{"id":217,"href":"https:\/\/www.farmaciaburset.com\/es\/wp-json\/wp\/v2\/pages\/29\/revisions\/217"}],"wp:attachment":[{"href":"https:\/\/www.farmaciaburset.com\/es\/wp-json\/wp\/v2\/media?parent=29"}],"curies":[{"name":"wp","href":"https:\/\/api.w.org\/{rel}","templated":true}]}}