{"id":27,"date":"2015-07-08T08:00:30","date_gmt":"2015-07-08T08:00:30","guid":{"rendered":"http:\/\/farmacies.ecoceutics.com\/?page_id=27"},"modified":"2016-10-25T13:54:10","modified_gmt":"2016-10-25T13:54:10","slug":"servicios","status":"publish","type":"page","link":"https:\/\/www.farmaciaburset.com\/es\/servicios\/","title":{"rendered":"Servicios"},"content":{"rendered":"<section class=\"wpb-content-wrapper\"><p>[vc_row full_width=\u00bb\u00bb parallax=\u00bb\u00bb parallax_image=\u00bb\u00bb has_content=\u00bbtrue\u00bb][vc_column width=\u00bb1\/4&#8243;][vc_column_text]<img loading=\"lazy\" decoding=\"async\" class=\"alignnone size-medium wp-image-342\" src=\"http:\/\/www.farmaciaburset.com\/es\/wp-content\/uploads\/sites\/35\/2015\/07\/img-serveis-2b-300x255.jpg\" alt=\"img-serveis-2b\" width=\"300\" height=\"255\" srcset=\"https:\/\/www.farmaciaburset.com\/es\/wp-content\/uploads\/sites\/35\/2015\/07\/img-serveis-2b-300x255.jpg 300w, https:\/\/www.farmaciaburset.com\/es\/wp-content\/uploads\/sites\/35\/2015\/07\/img-serveis-2b-370x315.jpg 370w, https:\/\/www.farmaciaburset.com\/es\/wp-content\/uploads\/sites\/35\/2015\/07\/img-serveis-2b-360x306.jpg 360w, https:\/\/www.farmaciaburset.com\/es\/wp-content\/uploads\/sites\/35\/2015\/07\/img-serveis-2b.jpg 414w\" sizes=\"auto, (max-width: 300px) 100vw, 300px\" \/> <img loading=\"lazy\" decoding=\"async\" class=\"alignnone size-medium wp-image-343\" src=\"http:\/\/www.farmaciaburset.com\/es\/wp-content\/uploads\/sites\/35\/2015\/07\/img-serveis-1b-300x255.jpg\" alt=\"img-serveis-1b\" width=\"300\" height=\"255\" srcset=\"https:\/\/www.farmaciaburset.com\/es\/wp-content\/uploads\/sites\/35\/2015\/07\/img-serveis-1b-300x255.jpg 300w, https:\/\/www.farmaciaburset.com\/es\/wp-content\/uploads\/sites\/35\/2015\/07\/img-serveis-1b-370x314.jpg 370w, https:\/\/www.farmaciaburset.com\/es\/wp-content\/uploads\/sites\/35\/2015\/07\/img-serveis-1b-360x306.jpg 360w, https:\/\/www.farmaciaburset.com\/es\/wp-content\/uploads\/sites\/35\/2015\/07\/img-serveis-1b.jpg 404w\" sizes=\"auto, (max-width: 300px) 100vw, 300px\" \/>[\/vc_column_text][\/vc_column][vc_column width=\u00bb3\/4&#8243;][vc_column_text]En nuestra farm\u00e1cia encontraras:<\/p>\n<ul>\n<li>Asesoramiento en cosmetica, nutrici\u00f3n y ortop\u00e8dia.<\/li>\n<li>Asesoramiento en homeopatia, plantyas medicinales y aromaterapia.<\/li>\n<li>Novedades en productos y promociones.<\/li>\n<\/ul>\n<p>&nbsp;<\/p>\n<p>Nuestros servicios son:<\/p>\n<ul>\n<li>Medciones de presi\u00f3n arterial, glucosa y colesterol.<\/li>\n<li>Formulas magistrales.<\/li>\n<li>Homeopatia.<\/li>\n<li>Flores de Bach.<\/li>\n<li>Plantas medicinales.<\/li>\n<li>Cosmetica personalizada.<\/li>\n<li>Nutrici\u00f3n y complementos infantiles.<\/li>\n<li>Ortopedia\/ortopedia deportiva.<\/li>\n<li>Dietas personalizadas.<\/li>\n<li>Aromaterapia.<\/li>\n<li>Consultas.<\/li>\n<li>Atenci\u00f3n al paciente.<\/li>\n<li>Alquilamos sillas de ruedas, muletas.<\/li>\n<li>Diagn\u00f3stico de piel.<\/li>\n<li>Diagn\u00f3stico de cabello.<\/li>\n<\/ul>\n<p>[\/vc_column_text][\/vc_column][\/vc_row]<\/p>\n<\/section>","protected":false},"excerpt":{"rendered":"<p>[vc_row full_width=\u00bb\u00bb parallax=\u00bb\u00bb parallax_image=\u00bb\u00bb has_content=\u00bbtrue\u00bb][vc_column width=\u00bb1\/4&#8243;][vc_column_text] [\/vc_column_text][\/vc_column][vc_column width=\u00bb3\/4&#8243;][vc_column_text]En nuestra farm\u00e1cia encontraras: Asesoramiento en cosmetica, nutrici\u00f3n y ortop\u00e8dia. Asesoramiento en homeopatia, plantyas medicinales y aromaterapia. Novedades en productos y promociones. &nbsp; Nuestros servicios son: Medciones de presi\u00f3n arterial, glucosa y colesterol&#8230;.<\/p>\n","protected":false},"author":1,"featured_media":0,"parent":0,"menu_order":0,"comment_status":"open","ping_status":"open","template":"","meta":{"footnotes":""},"class_list":["post-27","page","type-page","status-publish","hentry"],"_links":{"self":[{"href":"https:\/\/www.farmaciaburset.com\/es\/wp-json\/wp\/v2\/pages\/27","targetHints":{"allow":["GET"]}}],"collection":[{"href":"https:\/\/www.farmaciaburset.com\/es\/wp-json\/wp\/v2\/pages"}],"about":[{"href":"https:\/\/www.farmaciaburset.com\/es\/wp-json\/wp\/v2\/types\/page"}],"author":[{"embeddable":true,"href":"https:\/\/www.farmaciaburset.com\/es\/wp-json\/wp\/v2\/users\/1"}],"replies":[{"embeddable":true,"href":"https:\/\/www.farmaciaburset.com\/es\/wp-json\/wp\/v2\/comments?post=27"}],"version-history":[{"count":8,"href":"https:\/\/www.farmaciaburset.com\/es\/wp-json\/wp\/v2\/pages\/27\/revisions"}],"predecessor-version":[{"id":344,"href":"https:\/\/www.farmaciaburset.com\/es\/wp-json\/wp\/v2\/pages\/27\/revisions\/344"}],"wp:attachment":[{"href":"https:\/\/www.farmaciaburset.com\/es\/wp-json\/wp\/v2\/media?parent=27"}],"curies":[{"name":"wp","href":"https:\/\/api.w.org\/{rel}","templated":true}]}}