{"id":25,"date":"2015-07-08T08:00:18","date_gmt":"2015-07-08T08:00:18","guid":{"rendered":"http:\/\/farmacies.ecoceutics.com\/?page_id=25"},"modified":"2016-12-12T12:28:19","modified_gmt":"2016-12-12T12:28:19","slug":"quienes-somos","status":"publish","type":"page","link":"https:\/\/www.farmaciaburset.com\/es\/quienes-somos\/","title":{"rendered":"Qui\u00e9nes somos"},"content":{"rendered":"<section class=\"wpb-content-wrapper\"><p>[vc_row full_width=\u00bb\u00bb parallax=\u00bb\u00bb parallax_image=\u00bb\u00bb has_content=\u00bbtrue\u00bb][vc_column width=\u00bb1\/4&#8243;][vc_column_text]<img loading=\"lazy\" decoding=\"async\" class=\"alignnone size-medium wp-image-338\" src=\"http:\/\/www.farmaciaburset.com\/es\/wp-content\/uploads\/sites\/35\/2015\/07\/img-qui-som-1-300x254.jpg\" alt=\"img-qui-som-1\" width=\"300\" height=\"254\" srcset=\"https:\/\/www.farmaciaburset.com\/es\/wp-content\/uploads\/sites\/35\/2015\/07\/img-qui-som-1-300x254.jpg 300w, https:\/\/www.farmaciaburset.com\/es\/wp-content\/uploads\/sites\/35\/2015\/07\/img-qui-som-1-370x314.jpg 370w, https:\/\/www.farmaciaburset.com\/es\/wp-content\/uploads\/sites\/35\/2015\/07\/img-qui-som-1-360x305.jpg 360w, https:\/\/www.farmaciaburset.com\/es\/wp-content\/uploads\/sites\/35\/2015\/07\/img-qui-som-1.jpg 566w\" sizes=\"auto, (max-width: 300px) 100vw, 300px\" \/> <img loading=\"lazy\" decoding=\"async\" class=\"alignnone size-medium wp-image-339\" src=\"http:\/\/www.farmaciaburset.com\/es\/wp-content\/uploads\/sites\/35\/2015\/07\/img-qui-som-2-300x255.jpg\" alt=\"img-qui-som-2\" width=\"300\" height=\"255\" srcset=\"https:\/\/www.farmaciaburset.com\/es\/wp-content\/uploads\/sites\/35\/2015\/07\/img-qui-som-2-300x255.jpg 300w, https:\/\/www.farmaciaburset.com\/es\/wp-content\/uploads\/sites\/35\/2015\/07\/img-qui-som-2-370x314.jpg 370w, https:\/\/www.farmaciaburset.com\/es\/wp-content\/uploads\/sites\/35\/2015\/07\/img-qui-som-2-360x306.jpg 360w, https:\/\/www.farmaciaburset.com\/es\/wp-content\/uploads\/sites\/35\/2015\/07\/img-qui-som-2.jpg 412w\" sizes=\"auto, (max-width: 300px) 100vw, 300px\" \/>[\/vc_column_text][\/vc_column][vc_column width=\u00bb3\/4&#8243;][vc_column_text]<strong>Nuestro Equipo<\/strong><\/p>\n<ul>\n<li><strong>David Burset:<\/strong> Farmac\u00e9utico\u00a0titular.<\/li>\n<li><strong>Marta Juncarol:<\/strong> Farmac\u00e9utica adjunta.<\/li>\n<li><strong>Deborah Burset:<\/strong> Auxiliar diplomada.<\/li>\n<li><strong>Kelly Monod:<\/strong> Auxiliar diplomada.<\/li>\n<li><strong>Sandra L\u00f3pez:<\/strong> Auxiliar diplomada.<\/li>\n<li><strong>M\u00f3nica Ortiz:<\/strong> Auxiliar diplomada.<\/li>\n<li><strong>Marisol Puey:<\/strong> Auxiliar diplomada.<\/li>\n<\/ul>\n<p>[\/vc_column_text][\/vc_column][\/vc_row]<\/p>\n<\/section>","protected":false},"excerpt":{"rendered":"<p>[vc_row full_width=\u00bb\u00bb parallax=\u00bb\u00bb parallax_image=\u00bb\u00bb has_content=\u00bbtrue\u00bb][vc_column width=\u00bb1\/4&#8243;][vc_column_text] [\/vc_column_text][\/vc_column][vc_column width=\u00bb3\/4&#8243;][vc_column_text]Nuestro Equipo David Burset: Farmac\u00e9utico\u00a0titular. Marta Juncarol: Farmac\u00e9utica adjunta. Deborah Burset: Auxiliar diplomada. Kelly Monod: Auxiliar diplomada. Sandra L\u00f3pez: Auxiliar diplomada. M\u00f3nica Ortiz: Auxiliar diplomada. Marisol Puey: Auxiliar diplomada. [\/vc_column_text][\/vc_column][\/vc_row]<\/p>\n","protected":false},"author":1,"featured_media":0,"parent":0,"menu_order":0,"comment_status":"open","ping_status":"open","template":"","meta":{"footnotes":""},"class_list":["post-25","page","type-page","status-publish","hentry"],"_links":{"self":[{"href":"https:\/\/www.farmaciaburset.com\/es\/wp-json\/wp\/v2\/pages\/25","targetHints":{"allow":["GET"]}}],"collection":[{"href":"https:\/\/www.farmaciaburset.com\/es\/wp-json\/wp\/v2\/pages"}],"about":[{"href":"https:\/\/www.farmaciaburset.com\/es\/wp-json\/wp\/v2\/types\/page"}],"author":[{"embeddable":true,"href":"https:\/\/www.farmaciaburset.com\/es\/wp-json\/wp\/v2\/users\/1"}],"replies":[{"embeddable":true,"href":"https:\/\/www.farmaciaburset.com\/es\/wp-json\/wp\/v2\/comments?post=25"}],"version-history":[{"count":10,"href":"https:\/\/www.farmaciaburset.com\/es\/wp-json\/wp\/v2\/pages\/25\/revisions"}],"predecessor-version":[{"id":356,"href":"https:\/\/www.farmaciaburset.com\/es\/wp-json\/wp\/v2\/pages\/25\/revisions\/356"}],"wp:attachment":[{"href":"https:\/\/www.farmaciaburset.com\/es\/wp-json\/wp\/v2\/media?parent=25"}],"curies":[{"name":"wp","href":"https:\/\/api.w.org\/{rel}","templated":true}]}}