{"id":119,"date":"2015-07-08T12:07:16","date_gmt":"2015-07-08T12:07:16","guid":{"rendered":"http:\/\/farmacies.ecoceutics.com\/?page_id=119"},"modified":"2016-10-25T13:45:48","modified_gmt":"2016-10-25T13:45:48","slug":"pedir-hora","status":"publish","type":"page","link":"https:\/\/www.farmaciaburset.com\/es\/actividades\/pedir-hora\/","title":{"rendered":"Pedir hora"},"content":{"rendered":"<section class=\"wpb-content-wrapper\"><p>[vc_row full_width=\u00bb\u00bb parallax=\u00bb\u00bb parallax_image=\u00bb\u00bb has_content=\u00bbtrue\u00bb][vc_column width=\u00bb1\/4&#8243;][vc_column_text]<img loading=\"lazy\" decoding=\"async\" class=\"alignnone size-full wp-image-146\" src=\"http:\/\/www.farmaciaburset.com\/wp-content\/uploads\/sites\/35\/2015\/07\/img-activitats.jpg\" alt=\"img-activitats\" width=\"1024\" height=\"869\" srcset=\"https:\/\/www.farmaciaburset.com\/es\/wp-content\/uploads\/sites\/35\/2015\/07\/img-activitats.jpg 1024w, https:\/\/www.farmaciaburset.com\/es\/wp-content\/uploads\/sites\/35\/2015\/07\/img-activitats-300x255.jpg 300w, https:\/\/www.farmaciaburset.com\/es\/wp-content\/uploads\/sites\/35\/2015\/07\/img-activitats-370x314.jpg 370w, https:\/\/www.farmaciaburset.com\/es\/wp-content\/uploads\/sites\/35\/2015\/07\/img-activitats-360x306.jpg 360w\" sizes=\"auto, (max-width: 1024px) 100vw, 1024px\" \/>[\/vc_column_text][\/vc_column][vc_column width=\u00bb3\/4&#8243;]\n<div class=\"wpcf7 no-js\" id=\"wpcf7-f122-o1\" lang=\"ca\" dir=\"ltr\" data-wpcf7-id=\"122\">\n<div class=\"screen-reader-response\"><p role=\"status\" aria-live=\"polite\" aria-atomic=\"true\"><\/p> <ul><\/ul><\/div>\n<form action=\"\/es\/wp-json\/wp\/v2\/pages\/119#wpcf7-f122-o1\" method=\"post\" class=\"wpcf7-form init\" aria-label=\"Formulari de contacte\" novalidate=\"novalidate\" data-status=\"init\">\n<fieldset class=\"hidden-fields-container\"><input type=\"hidden\" name=\"_wpcf7\" value=\"122\" \/><input type=\"hidden\" name=\"_wpcf7_version\" value=\"6.1.5\" \/><input type=\"hidden\" name=\"_wpcf7_locale\" value=\"ca\" \/><input type=\"hidden\" name=\"_wpcf7_unit_tag\" value=\"wpcf7-f122-o1\" \/><input type=\"hidden\" name=\"_wpcf7_container_post\" value=\"0\" \/><input type=\"hidden\" name=\"_wpcf7_posted_data_hash\" value=\"\" \/>\n<\/fieldset>\n<div class=\"columna1\">\n\t<p>Nombre y Apellidos <span class=\"asterisc\">*<\/span>\n\t<\/p>\n\t<p><span class=\"wpcf7-form-control-wrap\" data-name=\"nomicognoms\"><input size=\"40\" maxlength=\"400\" class=\"wpcf7-form-control wpcf7-text wpcf7-validates-as-required\" aria-required=\"true\" aria-invalid=\"false\" value=\"\" type=\"text\" name=\"nomicognoms\" \/><\/span>\n\t<\/p>\n<\/div>\n<div class=\"columna2\">\n\t<p>Tel\u00e9fono de contacto <span class=\"asterisc\">*<\/span>\n\t<\/p>\n\t<p><span class=\"wpcf7-form-control-wrap\" data-name=\"telefondecontacte\"><input size=\"40\" maxlength=\"400\" class=\"wpcf7-form-control wpcf7-text wpcf7-validates-as-required\" aria-required=\"true\" aria-invalid=\"false\" value=\"\" type=\"text\" name=\"telefondecontacte\" \/><\/span>\n\t<\/p>\n<\/div>\n<div class=\"columna1\">\n\t<p>Correo electr\u00f3nico <span class=\"asterisc\">*<\/span>\n\t<\/p>\n\t<p><span class=\"wpcf7-form-control-wrap\" data-name=\"email\"><input size=\"40\" maxlength=\"400\" class=\"wpcf7-form-control wpcf7-email wpcf7-validates-as-required wpcf7-text wpcf7-validates-as-email\" aria-required=\"true\" aria-invalid=\"false\" value=\"\" type=\"email\" name=\"email\" \/><\/span>\n\t<\/p>\n<\/div>\n<div class=\"columna2\">\n\t<p>Evento al que se quiere apuntar <span class=\"asterisc\">*<\/span>\n\t<\/p>\n\t<p><span class=\"wpcf7-form-control-wrap\" data-name=\"event\"><input size=\"40\" maxlength=\"400\" class=\"wpcf7-form-control wpcf7-text wpcf7-validates-as-required\" aria-required=\"true\" aria-invalid=\"false\" value=\"\" type=\"text\" name=\"event\" \/><\/span>\n\t<\/p>\n<\/div>\n<div class=\"espai\">\n<\/div>\n<div class=\"avislegal\">\n\t<p><strong>Aviso legal.-<\/strong> En virtud de lo dispuesto en la Llei 15\/1999, de 13 de diciembre, de Protecci\u00f3n de Datos de Car\u00e1cter Personal, le informamos que mediente el relleno y envio del presente formulario todos los datos personales facilitados ser\u00e1n tratados por la farmacia Vil\u00e0, propietaria de esta web, con la \u00fanica finalidad de prestar el servicio solicitado.\n\t<\/p>\n<\/div>\n<div class=\"espai\">\n<\/div>\n<p><span class=\"wpcf7-form-control-wrap\" data-name=\"avislegal\"><span class=\"wpcf7-form-control wpcf7-acceptance\"><span class=\"wpcf7-list-item\"><input type=\"checkbox\" name=\"avislegal\" value=\"1\" aria-invalid=\"false\" \/><\/span><\/span><\/span> He le\u00eddo y acepto el Aviso legal.\n<\/p>\n<div class=\"espai\">\n<\/div>\n<div class=\"espai\">\n<\/div>\n<p><span class=\"asterisc\"><em>* Campos obligatorios.<\/em><\/span>\n<\/p>\n<div class=\"espai\">\n<\/div>\n<p><input class=\"wpcf7-form-control wpcf7-submit has-spinner\" type=\"submit\" value=\"Enviar\" \/>\n<\/p><div class=\"wpcf7-response-output\" aria-hidden=\"true\"><\/div>\n<\/form>\n<\/div>\n[vc_empty_space height=\u00bb40px\u00bb][vc_separator color=\u00bbgrey\u00bb align=\u00bbalign_center\u00bb][vc_empty_space height=\u00bb20px\u00bb][vc_column_text]<a href=\"http:\/\/www.farmaciaburset.com\/es\/actividades\">Volver a la p\u00e1gina de Actividades<\/a>[\/vc_column_text][\/vc_column][\/vc_row]<\/p>\n<\/section>","protected":false},"excerpt":{"rendered":"<p>[vc_row full_width=\u00bb\u00bb parallax=\u00bb\u00bb parallax_image=\u00bb\u00bb has_content=\u00bbtrue\u00bb][vc_column width=\u00bb1\/4&#8243;][vc_column_text][\/vc_column_text][\/vc_column][vc_column width=\u00bb3\/4&#8243;][vc_empty_space height=\u00bb40px\u00bb][vc_separator color=\u00bbgrey\u00bb align=\u00bbalign_center\u00bb][vc_empty_space height=\u00bb20px\u00bb][vc_column_text]Volver a la p\u00e1gina de Actividades[\/vc_column_text][\/vc_column][\/vc_row]<\/p>\n","protected":false},"author":1,"featured_media":0,"parent":107,"menu_order":0,"comment_status":"open","ping_status":"open","template":"","meta":{"footnotes":""},"class_list":["post-119","page","type-page","status-publish","hentry"],"_links":{"self":[{"href":"https:\/\/www.farmaciaburset.com\/es\/wp-json\/wp\/v2\/pages\/119","targetHints":{"allow":["GET"]}}],"collection":[{"href":"https:\/\/www.farmaciaburset.com\/es\/wp-json\/wp\/v2\/pages"}],"about":[{"href":"https:\/\/www.farmaciaburset.com\/es\/wp-json\/wp\/v2\/types\/page"}],"author":[{"embeddable":true,"href":"https:\/\/www.farmaciaburset.com\/es\/wp-json\/wp\/v2\/users\/1"}],"replies":[{"embeddable":true,"href":"https:\/\/www.farmaciaburset.com\/es\/wp-json\/wp\/v2\/comments?post=119"}],"version-history":[{"count":13,"href":"https:\/\/www.farmaciaburset.com\/es\/wp-json\/wp\/v2\/pages\/119\/revisions"}],"predecessor-version":[{"id":335,"href":"https:\/\/www.farmaciaburset.com\/es\/wp-json\/wp\/v2\/pages\/119\/revisions\/335"}],"up":[{"embeddable":true,"href":"https:\/\/www.farmaciaburset.com\/es\/wp-json\/wp\/v2\/pages\/107"}],"wp:attachment":[{"href":"https:\/\/www.farmaciaburset.com\/es\/wp-json\/wp\/v2\/media?parent=119"}],"curies":[{"name":"wp","href":"https:\/\/api.w.org\/{rel}","templated":true}]}}