{"id":107,"date":"2015-07-08T11:48:59","date_gmt":"2015-07-08T11:48:59","guid":{"rendered":"http:\/\/farmacies.ecoceutics.com\/?page_id=107"},"modified":"2016-10-25T13:45:37","modified_gmt":"2016-10-25T13:45:37","slug":"actividades","status":"publish","type":"page","link":"https:\/\/www.farmaciaburset.com\/es\/actividades\/","title":{"rendered":"Actividades"},"content":{"rendered":"<section class=\"wpb-content-wrapper\"><p>[vc_row full_width=\u00bb\u00bb parallax=\u00bb\u00bb parallax_image=\u00bb\u00bb has_content=\u00bbtrue\u00bb][vc_column width=\u00bb1\/4&#8243;][vc_column_text]<img loading=\"lazy\" decoding=\"async\" class=\"alignnone size-full wp-image-146\" src=\"http:\/\/www.farmaciaburset.com\/wp-content\/uploads\/sites\/35\/2015\/07\/img-activitats.jpg\" alt=\"img-activitats\" width=\"1024\" height=\"869\" srcset=\"https:\/\/www.farmaciaburset.com\/es\/wp-content\/uploads\/sites\/35\/2015\/07\/img-activitats.jpg 1024w, https:\/\/www.farmaciaburset.com\/es\/wp-content\/uploads\/sites\/35\/2015\/07\/img-activitats-300x255.jpg 300w, https:\/\/www.farmaciaburset.com\/es\/wp-content\/uploads\/sites\/35\/2015\/07\/img-activitats-370x314.jpg 370w, https:\/\/www.farmaciaburset.com\/es\/wp-content\/uploads\/sites\/35\/2015\/07\/img-activitats-360x306.jpg 360w\" sizes=\"auto, (max-width: 1024px) 100vw, 1024px\" \/>[\/vc_column_text][\/vc_column][vc_column width=\u00bb3\/4&#8243;][vc_column_text][heading size=\u00bb2&#8243; heading_class=\u00bbcontent_heading\u00bb h_id=\u00bb\u00bb h_class=\u00bb\u00bb]<strong>Test de intolerancia alimentaria<\/strong>[\/heading]<\/p>\n<p>Todos los dias. 119\u20ac<\/p>\n[button link=\u00bbhttp:\/\/www.farmaciaburset.com\/es\/actividades\/pedir-hora\u00bb target=\u00bb_self\u00bb size=\u00bbsmall\u00bb style_button=\u00bbstyle-1&#8243;]<strong>Ap\u00fantate<\/strong>[\/button][\/vc_column_text][vc_empty_space height=\u00bb10px\u00bb][vc_column_text][heading size=\u00bb2&#8243; heading_class=\u00bbcontent_heading\u00bb h_id=\u00bb\u00bb h_class=\u00bb\u00bb]<strong>Servicio de dietista. Dietas hipocal\u00f3ricas, colesterol, az\u00facar, bajo peso o gimn\u00e1sio<\/strong>[\/heading]<\/p>\n<p>Todos los jueves durante todo el d\u00eda. Pide tu hora. 10\u20ac<\/p>\n[button link=http:\/\/www.farmaciaburset.com\/es\/actividades\/pedir-hora\u00bb target=\u00bb_self\u00bb size=\u00bbsmall\u00bb style_button=\u00bbstyle-1&#8243;]<strong>Ap\u00fantate<\/strong>[\/button][\/vc_column_text][vc_empty_space height=\u00bb10px\u00bb][vc_column_text][heading size=\u00bb2&#8243; heading_class=\u00bbcontent_heading\u00bb h_id=\u00bb\u00bb h_class=\u00bb\u00bb]<strong>Ven a medirte el az\u00facar, el colesterol y el perfil lip\u00eddico<\/strong>[\/heading]<\/p>\n<p>Todos los d\u00edas. 5.90\u20ac<\/p>\n[button link=\u00bbhttp:\/\/www.farmaciaburset.com\/es\/actividades\/pedir-hora\u00bb target=\u00bb_self\u00bb size=\u00bbsmall\u00bb style_button=\u00bbstyle-1&#8243;]<strong>Ap\u00fantate<\/strong>[\/button][\/vc_column_text][vc_empty_space height=\u00bb10px\u00bb][vc_column_text][heading size=\u00bb2&#8243; heading_class=\u00bbcontent_heading\u00bb h_id=\u00bb\u00bb h_class=\u00bb\u00bb]<strong>Servicio de perforaci\u00f3n de orejas<\/strong>[\/heading]<\/p>\n<p>Todos los dias. 10\u20ac por agujero.<\/p>\n[button link=\u00bbhttp:\/\/www.farmaciaburset.com\/es\/actividades\/pedir-hora\u00bb target=\u00bb_self\u00bb size=\u00bbsmall\u00bb style_button=\u00bbstyle-1&#8243;]<strong>Ap\u00fantate<\/strong>[\/button][\/vc_column_text][vc_empty_space height=\u00bb10px\u00bb][vc_column_text][heading size=\u00bb2&#8243; heading_class=\u00bbcontent_heading\u00bb h_id=\u00bb\u00bb h_class=\u00bb\u00bb]<strong>Test de celiaqu\u00eda<\/strong>[\/heading]<\/p>\n<p>Todos los d\u00edas. 25\u20ac<\/p>\n[button link=\u00bbhttp:\/\/www.farmaciaburset.com\/es\/actividades\/pedir-hora\u00bb target=\u00bb_self\u00bb size=\u00bbsmall\u00bb style_button=\u00bbstyle-1&#8243;]<strong>Ap\u00fantate<\/strong>[\/button][\/vc_column_text][vc_empty_space height=\u00bb32px\u00bb][vc_column_text][heading size=\u00bb2&#8243; heading_class=\u00bbcontent_heading\u00bb h_id=\u00bb\u00bb h_class=\u00bb\u00bb]<strong>Servicio de SPD<\/strong>[\/heading]<\/p>\n<p>Todos los viernes. 3\u20ac<\/p>\n[button link=\u00bbhttp:\/\/www.farmaciaburset.com\/es\/actividades\/pedir-hora\u00bb target=\u00bb_self\u00bb size=\u00bbsmall\u00bb style_button=\u00bbstyle-1&#8243;]<strong>Ap\u00fantate<\/strong>[\/button][\/vc_column_text][\/vc_column][\/vc_row]<\/p>\n<\/section>","protected":false},"excerpt":{"rendered":"<p>[vc_row full_width=\u00bb\u00bb parallax=\u00bb\u00bb parallax_image=\u00bb\u00bb has_content=\u00bbtrue\u00bb][vc_column width=\u00bb1\/4&#8243;][vc_column_text][\/vc_column_text][\/vc_column][vc_column width=\u00bb3\/4&#8243;][vc_column_text][heading size=\u00bb2&#8243; heading_class=\u00bbcontent_heading\u00bb h_id=\u00bb\u00bb h_class=\u00bb\u00bb]Test de intolerancia alimentaria[\/heading] Todos los dias. 119\u20ac [button link=\u00bbhttp:\/\/www.farmaciaburset.com\/es\/actividades\/pedir-hora\u00bb target=\u00bb_self\u00bb size=\u00bbsmall\u00bb style_button=\u00bbstyle-1&#8243;]Ap\u00fantate[\/button][\/vc_column_text][vc_empty_space height=\u00bb10px\u00bb][vc_column_text][heading size=\u00bb2&#8243; heading_class=\u00bbcontent_heading\u00bb h_id=\u00bb\u00bb h_class=\u00bb\u00bb]Servicio de dietista. Dietas hipocal\u00f3ricas, colesterol, az\u00facar, bajo peso o gimn\u00e1sio[\/heading] Todos los&#8230;<\/p>\n","protected":false},"author":1,"featured_media":0,"parent":0,"menu_order":0,"comment_status":"open","ping_status":"open","template":"","meta":{"footnotes":""},"class_list":["post-107","page","type-page","status-publish","hentry"],"_links":{"self":[{"href":"https:\/\/www.farmaciaburset.com\/es\/wp-json\/wp\/v2\/pages\/107","targetHints":{"allow":["GET"]}}],"collection":[{"href":"https:\/\/www.farmaciaburset.com\/es\/wp-json\/wp\/v2\/pages"}],"about":[{"href":"https:\/\/www.farmaciaburset.com\/es\/wp-json\/wp\/v2\/types\/page"}],"author":[{"embeddable":true,"href":"https:\/\/www.farmaciaburset.com\/es\/wp-json\/wp\/v2\/users\/1"}],"replies":[{"embeddable":true,"href":"https:\/\/www.farmaciaburset.com\/es\/wp-json\/wp\/v2\/comments?post=107"}],"version-history":[{"count":23,"href":"https:\/\/www.farmaciaburset.com\/es\/wp-json\/wp\/v2\/pages\/107\/revisions"}],"predecessor-version":[{"id":334,"href":"https:\/\/www.farmaciaburset.com\/es\/wp-json\/wp\/v2\/pages\/107\/revisions\/334"}],"wp:attachment":[{"href":"https:\/\/www.farmaciaburset.com\/es\/wp-json\/wp\/v2\/media?parent=107"}],"curies":[{"name":"wp","href":"https:\/\/api.w.org\/{rel}","templated":true}]}}